{"id":17744,"date":"2012-11-01T13:39:17","date_gmt":"2012-11-01T13:39:17","guid":{"rendered":"\/latest-fashion-photography-2\/"},"modified":"2012-11-13T13:35:58","modified_gmt":"2012-11-13T13:35:58","slug":"fotografias","status":"publish","type":"page","link":"https:\/\/www.catwalkyourself.com\/pt-br\/fotografias\/","title":{"rendered":"Fotografias"},"content":{"rendered":"<p>Uma foto pode dizer mil palavras, mas a fotografia de moda pode dizer milh\u00f5es. Dos mais famosos fot\u00f3grafos de moda do mundo, conhe\u00e7a a arte que ajuda a formatar o universo da moda.<\/p>\n<ul class=\"image-gallery-2\">\n<li><a class=\"no-jmlink\" href=\"\/fashion-editorial\/\"><img decoding=\"async\" class=\"alignnone size-full wp-image-7002\" title=\"catwalk_yourself_rtw_main\" src=\"\/wp-content\/uploads\/2012\/11\/catwalk_yourself_photography_editorial.jpg\" alt=\"\" \/><\/a><br \/>\n<h3>Editorial<\/h3>\n<p>Das sess\u00f5es fotogr\u00e1ficas aos v\u00eddeos, exploramos nossa pr\u00f3pria criatividade, assim como a dos nossos sujeitos. Clique!<\/p>\n<p><a href=\"https:\/\/www.catwalkyourself.com\/street-fashion\/\">Veja tudo<\/a><\/li>\n<li><a class=\"no-jmlink\" href=\"\/street-fashion\/\"><img decoding=\"async\" class=\"alignnone size-full wp-image-7004\" title=\"catwalk_yourself_man_main\" src=\"\/wp-content\/uploads\/2012\/11\/catwalk_yourself_photography_street.jpg\" alt=\"\" \/><\/a><br \/>\n<h3>Street Fashion<\/h3>\n<p>Inspire-se com a nossa celebra\u00e7\u00e3o do estilo individual, pintando uma tela de express\u00e3o pr\u00f3pria e singularidade. Em outras palavras: celebramos voc\u00ea.<\/p>\n<p><a href=\"https:\/\/www.catwalkyourself.com\/fashion-editorial\/#\">Veja tudo<\/a><\/li>\n<\/ul>\n<div class=\"clearfix\"><\/div>\n","protected":false},"excerpt":{"rendered":"<p>Uma foto pode dizer mil palavras, mas a fotografia de moda pode dizer milh\u00f5es. Dos mais famosos fot\u00f3grafos de moda do mundo, conhe\u00e7a a arte que ajuda a formatar o<br \/>&nbsp; &nbsp;<a href=\"https:\/\/www.catwalkyourself.com\/pt-br\/fotografias\/\" class=\"more\">&#8230; read more<\/a><\/p>\n","protected":false},"author":11,"featured_media":0,"parent":0,"menu_order":0,"comment_status":"open","ping_status":"open","template":"page-photography.php","meta":{"footnotes":""},"acf":[],"yoast_head":"<!-- This site is optimized with the Yoast SEO plugin v22.1 - https:\/\/yoast.com\/wordpress\/plugins\/seo\/ -->\n<title>Fotografias - Catwalk Yourself<\/title>\n<meta name=\"robots\" content=\"index, nofollow, max-snippet:-1, max-image-preview:large, max-video-preview:-1\" \/>\n<link rel=\"canonical\" href=\"https:\/\/www.catwalkyourself.com\/pt-br\/fotografias\/\" \/>\n<meta property=\"og:locale\" content=\"pt_BR\" \/>\n<meta property=\"og:type\" content=\"article\" \/>\n<meta property=\"og:title\" content=\"Fotografias - Catwalk Yourself\" \/>\n<meta property=\"og:description\" content=\"Uma foto pode dizer mil palavras, mas a fotografia de moda pode dizer milh\u00f5es. Dos mais famosos fot\u00f3grafos de moda do mundo, conhe\u00e7a a arte que ajuda a formatar o&nbsp; &nbsp;... read more\" \/>\n<meta property=\"og:url\" content=\"https:\/\/www.catwalkyourself.com\/pt-br\/fotografias\/\" \/>\n<meta property=\"og:site_name\" content=\"Catwalk Yourself\" \/>\n<meta property=\"article:modified_time\" content=\"2012-11-13T13:35:58+00:00\" \/>\n<meta name=\"twitter:card\" content=\"summary_large_image\" \/>\n<script type=\"application\/ld+json\" class=\"yoast-schema-graph\">{\"@context\":\"https:\/\/schema.org\",\"@graph\":[{\"@type\":\"WebPage\",\"@id\":\"https:\/\/www.catwalkyourself.com\/pt-br\/fotografias\/\",\"url\":\"https:\/\/www.catwalkyourself.com\/pt-br\/fotografias\/\",\"name\":\"Fotografias - Catwalk Yourself\",\"isPartOf\":{\"@id\":\"https:\/\/www.catwalkyourself.com\/#website\"},\"datePublished\":\"2012-11-01T13:39:17+00:00\",\"dateModified\":\"2012-11-13T13:35:58+00:00\",\"breadcrumb\":{\"@id\":\"https:\/\/www.catwalkyourself.com\/pt-br\/fotografias\/#breadcrumb\"},\"inLanguage\":\"pt-BR\",\"potentialAction\":[{\"@type\":\"ReadAction\",\"target\":[\"https:\/\/www.catwalkyourself.com\/pt-br\/fotografias\/\"]}]},{\"@type\":\"BreadcrumbList\",\"@id\":\"https:\/\/www.catwalkyourself.com\/pt-br\/fotografias\/#breadcrumb\",\"itemListElement\":[{\"@type\":\"ListItem\",\"position\":1,\"name\":\"Home\",\"item\":\"https:\/\/www.catwalkyourself.com\/pt-br\/\"},{\"@type\":\"ListItem\",\"position\":2,\"name\":\"Fotografias\"}]},{\"@type\":\"WebSite\",\"@id\":\"https:\/\/www.catwalkyourself.com\/#website\",\"url\":\"https:\/\/www.catwalkyourself.com\/\",\"name\":\"Catwalk Yourself\",\"description\":\"\",\"potentialAction\":[{\"@type\":\"SearchAction\",\"target\":{\"@type\":\"EntryPoint\",\"urlTemplate\":\"https:\/\/www.catwalkyourself.com\/?s={search_term_string}\"},\"query-input\":\"required name=search_term_string\"}],\"inLanguage\":\"pt-BR\"},{\"@type\":\"Person\",\"@id\":\"https:\/\/www.catwalkyourself.com\/#\/schema\/person\/827e0242c3768338828d437f94fbc9a4\",\"name\":\"Lauren Fitzsimmons\",\"image\":{\"@type\":\"ImageObject\",\"inLanguage\":\"pt-BR\",\"@id\":\"https:\/\/www.catwalkyourself.com\/#\/schema\/person\/image\/\",\"url\":\"https:\/\/www.catwalkyourself.com\/pt-br\/wp-content\/uploads\/2012\/10\/lauren_avatar.jpg\",\"contentUrl\":\"https:\/\/www.catwalkyourself.com\/pt-br\/wp-content\/uploads\/2012\/10\/lauren_avatar.jpg\",\"caption\":\"Lauren Fitzsimmons\"},\"description\":\"Lauren Fitzsimmons could be considered as an all-round fashion geek with an additional passion for travel, photography and writing. She studies International Fashion Marketing in Manchester and is currently responsible for Catwalk Yourself communications.\",\"url\":\"https:\/\/www.catwalkyourself.com\/pt-br\/author\/lauren\/\"}]}<\/script>\n<!-- \/ Yoast SEO plugin. -->","yoast_head_json":{"title":"Fotografias - Catwalk Yourself","robots":{"index":"index","follow":"nofollow","max-snippet":"max-snippet:-1","max-image-preview":"max-image-preview:large","max-video-preview":"max-video-preview:-1"},"canonical":"https:\/\/www.catwalkyourself.com\/pt-br\/fotografias\/","og_locale":"pt_BR","og_type":"article","og_title":"Fotografias - Catwalk Yourself","og_description":"Uma foto pode dizer mil palavras, mas a fotografia de moda pode dizer milh\u00f5es. Dos mais famosos fot\u00f3grafos de moda do mundo, conhe\u00e7a a arte que ajuda a formatar o&nbsp; &nbsp;... read more","og_url":"https:\/\/www.catwalkyourself.com\/pt-br\/fotografias\/","og_site_name":"Catwalk Yourself","article_modified_time":"2012-11-13T13:35:58+00:00","twitter_card":"summary_large_image","schema":{"@context":"https:\/\/schema.org","@graph":[{"@type":"WebPage","@id":"https:\/\/www.catwalkyourself.com\/pt-br\/fotografias\/","url":"https:\/\/www.catwalkyourself.com\/pt-br\/fotografias\/","name":"Fotografias - Catwalk Yourself","isPartOf":{"@id":"https:\/\/www.catwalkyourself.com\/#website"},"datePublished":"2012-11-01T13:39:17+00:00","dateModified":"2012-11-13T13:35:58+00:00","breadcrumb":{"@id":"https:\/\/www.catwalkyourself.com\/pt-br\/fotografias\/#breadcrumb"},"inLanguage":"pt-BR","potentialAction":[{"@type":"ReadAction","target":["https:\/\/www.catwalkyourself.com\/pt-br\/fotografias\/"]}]},{"@type":"BreadcrumbList","@id":"https:\/\/www.catwalkyourself.com\/pt-br\/fotografias\/#breadcrumb","itemListElement":[{"@type":"ListItem","position":1,"name":"Home","item":"https:\/\/www.catwalkyourself.com\/pt-br\/"},{"@type":"ListItem","position":2,"name":"Fotografias"}]},{"@type":"WebSite","@id":"https:\/\/www.catwalkyourself.com\/#website","url":"https:\/\/www.catwalkyourself.com\/","name":"Catwalk Yourself","description":"","potentialAction":[{"@type":"SearchAction","target":{"@type":"EntryPoint","urlTemplate":"https:\/\/www.catwalkyourself.com\/?s={search_term_string}"},"query-input":"required name=search_term_string"}],"inLanguage":"pt-BR"},{"@type":"Person","@id":"https:\/\/www.catwalkyourself.com\/#\/schema\/person\/827e0242c3768338828d437f94fbc9a4","name":"Lauren Fitzsimmons","image":{"@type":"ImageObject","inLanguage":"pt-BR","@id":"https:\/\/www.catwalkyourself.com\/#\/schema\/person\/image\/","url":"https:\/\/www.catwalkyourself.com\/pt-br\/wp-content\/uploads\/2012\/10\/lauren_avatar.jpg","contentUrl":"https:\/\/www.catwalkyourself.com\/pt-br\/wp-content\/uploads\/2012\/10\/lauren_avatar.jpg","caption":"Lauren Fitzsimmons"},"description":"Lauren Fitzsimmons could be considered as an all-round fashion geek with an additional passion for travel, photography and writing. She studies International Fashion Marketing in Manchester and is currently responsible for Catwalk Yourself communications.","url":"https:\/\/www.catwalkyourself.com\/pt-br\/author\/lauren\/"}]}},"_links":{"self":[{"href":"https:\/\/www.catwalkyourself.com\/pt-br\/wp-json\/wp\/v2\/pages\/17744"}],"collection":[{"href":"https:\/\/www.catwalkyourself.com\/pt-br\/wp-json\/wp\/v2\/pages"}],"about":[{"href":"https:\/\/www.catwalkyourself.com\/pt-br\/wp-json\/wp\/v2\/types\/page"}],"author":[{"embeddable":true,"href":"https:\/\/www.catwalkyourself.com\/pt-br\/wp-json\/wp\/v2\/users\/11"}],"replies":[{"embeddable":true,"href":"https:\/\/www.catwalkyourself.com\/pt-br\/wp-json\/wp\/v2\/comments?post=17744"}],"version-history":[{"count":0,"href":"https:\/\/www.catwalkyourself.com\/pt-br\/wp-json\/wp\/v2\/pages\/17744\/revisions"}],"wp:attachment":[{"href":"https:\/\/www.catwalkyourself.com\/pt-br\/wp-json\/wp\/v2\/media?parent=17744"}],"curies":[{"name":"wp","href":"https:\/\/api.w.org\/{rel}","templated":true}]}}