{"id":706271,"date":"2023-12-23T21:55:12","date_gmt":"2023-12-23T21:55:12","guid":{"rendered":"https:\/\/www.catwalkyourself.com\/homepage-new\/"},"modified":"2024-08-21T09:37:25","modified_gmt":"2024-08-21T08:37:25","slug":"homepage-new","status":"publish","type":"page","link":"https:\/\/www.catwalkyourself.com\/fr\/","title":{"rendered":"Homepage"},"content":{"rendered":"<p>Catwalk Yourself is a fashion magazine and encyclopaedia that features 15,000 pages of ad-free content in 7 languages including English, Chinese, Russian, Italian, French, German and Portuguese. The site is mobile friendly and can be accessed free of charge.<\/p>\n<p><strong>What we do?<\/strong><\/p>\n<ul>\n<li>Live coverage of all fashion weeks<\/li>\n<li>Daily fashion news<\/li>\n<li>History of fashion<\/li>\n<li>Biographies of designers, icons, photographers and models<\/li>\n<li>Fashion in films<\/li>\n<li>Fashion trends<\/li>\n<li>First comprehensive online fashion dictionary<\/li>\n<li>Street fashion style<\/li>\n<li>Fashion blog<\/li>\n<li>Job board<\/li>\n<\/ul>\n<p><strong>Why Fashion Magazine, Trends &amp; History | Catwalk Yourself?<\/strong><\/p>\n<p>At Catwalk Yourself we show the forgotten history (Past), we inform and keep the public up to date with the latest news from the fashion world daily (Present) and we promote young and upcoming talent (Future).<\/p>\n<p><strong>Who trusts <\/strong><strong>Fashion Magazine, Trends &amp; History | Catwalk Yourself<\/strong>?<\/p>\n<p>Brands such as Alexander McQueen, Brioni, Christian Lacroix, Corneliani, Dries Van Noten, DSquared2, Gianfranco Ferr\u00e9, Gucci, Issey Miyake, Jean Paul Gaultier, Marc Jacobs, Paul Smith, Prada, Ralph Lauren, Salvatore Ferragamo, Vivienne Westwood and many others have all approved their biography page on our site and provided us with media material to complement each article. Many of these brands keep actively contributing to our site.<\/p>\n<p>Haymarket Media Group, a media giant that publishes wide ranging titles from auto sport to gardening and fashion, have confirmed their interest in a partnership.<\/p>\n<p>The Northern &amp; Shell Building, another media giant is waiting for our S&amp;BC launch to review it their magazines.<\/p>\n<p><strong>Testimonials for Fashion Magazine, Trends &amp; History | Catwalk Yourself?<\/strong><\/p>\n<p>Salvatore Ferragamo<\/p>\n<p><em>\u00ab\u00a0Your website looks great\u00a0\u00bb<\/em><\/p>\n<p>Burberry<\/p>\n<p><em>\u00ab\u00a0We read with interest about the social community you are launching and we wish you every success with your venture\u00a0\u00bb<\/em><\/p>\n<p>Carlo Pignatelli<\/p>\n<p><em>\u00ab\u00a0We visited your web site and found it very interesting. I noticed that there&rsquo;s also a section dedicated to catwalks. If you need some pics from us they are available\u00a0\u00bb<\/em><\/p>\n<p>Fondazione Gianfranco Ferr\u00e9<\/p>\n<p><em>\u201cWe would like to express our best compliments for the appeal of your web site\u00a0\u00bb<\/em><\/p>\n<p>Issey Miyake<\/p>\n<p><em>\u00ab\u00a0Your website is amazing, I can see it getting bigger and bigger\u00a0\u00bb<\/em><\/p>\n<p>Vivienne Westwood<\/p>\n<p><em>\u00ab\u00a0The website is great Fabio, well done!\u201c<\/em><\/p>\n<p><strong>Fashion Magazine, Trends &amp; History | Catwalk Yourself<\/strong><\/p>\n","protected":false},"excerpt":{"rendered":"<p>Catwalk Yourself is a fashion magazine and encyclopaedia that features 15,000 pages of ad-free content in 7 languages including English, Chinese, Russian, Italian, French, German and Portuguese. The site is<br \/>&nbsp; &nbsp;<a href=\"https:\/\/www.catwalkyourself.com\/fr\/\" class=\"more\">&#8230; read more<\/a><\/p>\n","protected":false},"author":1,"featured_media":706295,"parent":0,"menu_order":0,"comment_status":"closed","ping_status":"closed","template":"page.php","meta":{"footnotes":""},"acf":[],"yoast_head":"<!-- This site is optimized with the Yoast SEO plugin v22.1 - https:\/\/yoast.com\/wordpress\/plugins\/seo\/ -->\n<title>Magazine de mode : Derni\u00e8res tendances, conseils de style et plus encore | Catwalk Yourself<\/title>\n<meta name=\"description\" content=\"Explorez le monde de la mode avec Catwalk Yourself. D\u00e9couvrez les derni\u00e8res tendances, des conseils de style et des articles d\u00e9taill\u00e9s dans notre magazine de mode.\" \/>\n<meta name=\"robots\" content=\"index, follow, max-snippet:-1, max-image-preview:large, max-video-preview:-1\" \/>\n<link rel=\"canonical\" href=\"https:\/\/www.catwalkyourself.com\/fr\/\" \/>\n<meta property=\"og:locale\" content=\"fr_FR\" \/>\n<meta property=\"og:type\" content=\"article\" \/>\n<meta property=\"og:title\" content=\"Magazine de mode : Derni\u00e8res tendances, conseils de style et plus encore | Catwalk Yourself\" \/>\n<meta property=\"og:description\" content=\"Explorez le monde de la mode avec Catwalk Yourself. D\u00e9couvrez les derni\u00e8res tendances, des conseils de style et des articles d\u00e9taill\u00e9s dans notre magazine de mode.\" \/>\n<meta property=\"og:url\" content=\"https:\/\/www.catwalkyourself.com\/fr\/\" \/>\n<meta property=\"og:site_name\" content=\"Catwalk Yourself\" \/>\n<meta property=\"article:modified_time\" content=\"2024-08-21T08:37:25+00:00\" \/>\n<meta property=\"og:image\" content=\"https:\/\/www.catwalkyourself.com\/wp-content\/uploads\/2012\/10\/home-gallery-street.jpg\" \/>\n\t<meta property=\"og:image:width\" content=\"510\" \/>\n\t<meta property=\"og:image:height\" content=\"320\" \/>\n\t<meta property=\"og:image:type\" content=\"image\/jpeg\" \/>\n<meta name=\"twitter:card\" content=\"summary_large_image\" \/>\n<meta name=\"twitter:label1\" content=\"Dur\u00e9e de lecture estim\u00e9e\" \/>\n\t<meta name=\"twitter:data1\" content=\"2 minutes\" \/>\n<script type=\"application\/ld+json\" class=\"yoast-schema-graph\">{\"@context\":\"https:\/\/schema.org\",\"@graph\":[{\"@type\":\"WebPage\",\"@id\":\"https:\/\/www.catwalkyourself.com\/fr\/\",\"url\":\"https:\/\/www.catwalkyourself.com\/fr\/\",\"name\":\"Magazine de mode : Derni\u00e8res tendances, conseils de style et plus encore | Catwalk Yourself\",\"isPartOf\":{\"@id\":\"https:\/\/www.catwalkyourself.com\/#website\"},\"datePublished\":\"2023-12-23T21:55:12+00:00\",\"dateModified\":\"2024-08-21T08:37:25+00:00\",\"description\":\"Explorez le monde de la mode avec Catwalk Yourself. D\u00e9couvrez les derni\u00e8res tendances, des conseils de style et des articles d\u00e9taill\u00e9s dans notre magazine de mode.\",\"breadcrumb\":{\"@id\":\"https:\/\/www.catwalkyourself.com\/fr\/#breadcrumb\"},\"inLanguage\":\"fr-FR\",\"potentialAction\":[{\"@type\":\"ReadAction\",\"target\":[\"https:\/\/www.catwalkyourself.com\/fr\/\"]}]},{\"@type\":\"BreadcrumbList\",\"@id\":\"https:\/\/www.catwalkyourself.com\/fr\/#breadcrumb\",\"itemListElement\":[{\"@type\":\"ListItem\",\"position\":1,\"name\":\"Home\",\"item\":\"https:\/\/www.catwalkyourself.com\/fr\/\"},{\"@type\":\"ListItem\",\"position\":2,\"name\":\"Homepage\"}]},{\"@type\":\"WebSite\",\"@id\":\"https:\/\/www.catwalkyourself.com\/#website\",\"url\":\"https:\/\/www.catwalkyourself.com\/\",\"name\":\"Catwalk Yourself\",\"description\":\"\",\"potentialAction\":[{\"@type\":\"SearchAction\",\"target\":{\"@type\":\"EntryPoint\",\"urlTemplate\":\"https:\/\/www.catwalkyourself.com\/?s={search_term_string}\"},\"query-input\":\"required name=search_term_string\"}],\"inLanguage\":\"fr-FR\"},{\"@type\":\"Person\",\"@id\":\"https:\/\/www.catwalkyourself.com\/#\/schema\/person\/9746a62678a6cced6aef04c202caf98f\",\"name\":\"coreAdmin\",\"image\":{\"@type\":\"ImageObject\",\"inLanguage\":\"fr-FR\",\"@id\":\"https:\/\/www.catwalkyourself.com\/#\/schema\/person\/image\/\",\"url\":\"https:\/\/www.catwalkyourself.com\/wp-content\/uploads\/2024\/04\/cropped-catwalk_yourself_bianca_jagger-scaled-1-96x96.jpg\",\"contentUrl\":\"https:\/\/www.catwalkyourself.com\/wp-content\/uploads\/2024\/04\/cropped-catwalk_yourself_bianca_jagger-scaled-1-96x96.jpg\",\"caption\":\"coreAdmin\"},\"description\":\"Lola is one of our busiest writer. She has worked for Catwalk Yourself since 2007. Lola started working with us after she graduating from Central St Martins\",\"sameAs\":[\"https:\/\/twitter.com\/coreAdmin\"],\"url\":\"https:\/\/www.catwalkyourself.com\/fr\/author\/coreadmin\/\"}]}<\/script>\n<!-- \/ Yoast SEO plugin. -->","yoast_head_json":{"title":"Magazine de mode : Derni\u00e8res tendances, conseils de style et plus encore | Catwalk Yourself","description":"Explorez le monde de la mode avec Catwalk Yourself. D\u00e9couvrez les derni\u00e8res tendances, des conseils de style et des articles d\u00e9taill\u00e9s dans notre magazine de mode.","robots":{"index":"index","follow":"follow","max-snippet":"max-snippet:-1","max-image-preview":"max-image-preview:large","max-video-preview":"max-video-preview:-1"},"canonical":"https:\/\/www.catwalkyourself.com\/fr\/","og_locale":"fr_FR","og_type":"article","og_title":"Magazine de mode : Derni\u00e8res tendances, conseils de style et plus encore | Catwalk Yourself","og_description":"Explorez le monde de la mode avec Catwalk Yourself. D\u00e9couvrez les derni\u00e8res tendances, des conseils de style et des articles d\u00e9taill\u00e9s dans notre magazine de mode.","og_url":"https:\/\/www.catwalkyourself.com\/fr\/","og_site_name":"Catwalk Yourself","article_modified_time":"2024-08-21T08:37:25+00:00","og_image":[{"width":"510","height":"320","url":"https:\/\/www.catwalkyourself.com\/wp-content\/uploads\/2012\/10\/home-gallery-street.jpg","type":"image\/jpeg"}],"twitter_card":"summary_large_image","twitter_misc":{"Dur\u00e9e de lecture estim\u00e9e":"2 minutes"},"schema":{"@context":"https:\/\/schema.org","@graph":[{"@type":"WebPage","@id":"https:\/\/www.catwalkyourself.com\/fr\/","url":"https:\/\/www.catwalkyourself.com\/fr\/","name":"Magazine de mode : Derni\u00e8res tendances, conseils de style et plus encore | Catwalk Yourself","isPartOf":{"@id":"https:\/\/www.catwalkyourself.com\/#website"},"datePublished":"2023-12-23T21:55:12+00:00","dateModified":"2024-08-21T08:37:25+00:00","description":"Explorez le monde de la mode avec Catwalk Yourself. D\u00e9couvrez les derni\u00e8res tendances, des conseils de style et des articles d\u00e9taill\u00e9s dans notre magazine de mode.","breadcrumb":{"@id":"https:\/\/www.catwalkyourself.com\/fr\/#breadcrumb"},"inLanguage":"fr-FR","potentialAction":[{"@type":"ReadAction","target":["https:\/\/www.catwalkyourself.com\/fr\/"]}]},{"@type":"BreadcrumbList","@id":"https:\/\/www.catwalkyourself.com\/fr\/#breadcrumb","itemListElement":[{"@type":"ListItem","position":1,"name":"Home","item":"https:\/\/www.catwalkyourself.com\/fr\/"},{"@type":"ListItem","position":2,"name":"Homepage"}]},{"@type":"WebSite","@id":"https:\/\/www.catwalkyourself.com\/#website","url":"https:\/\/www.catwalkyourself.com\/","name":"Catwalk Yourself","description":"","potentialAction":[{"@type":"SearchAction","target":{"@type":"EntryPoint","urlTemplate":"https:\/\/www.catwalkyourself.com\/?s={search_term_string}"},"query-input":"required name=search_term_string"}],"inLanguage":"fr-FR"},{"@type":"Person","@id":"https:\/\/www.catwalkyourself.com\/#\/schema\/person\/9746a62678a6cced6aef04c202caf98f","name":"coreAdmin","image":{"@type":"ImageObject","inLanguage":"fr-FR","@id":"https:\/\/www.catwalkyourself.com\/#\/schema\/person\/image\/","url":"https:\/\/www.catwalkyourself.com\/wp-content\/uploads\/2024\/04\/cropped-catwalk_yourself_bianca_jagger-scaled-1-96x96.jpg","contentUrl":"https:\/\/www.catwalkyourself.com\/wp-content\/uploads\/2024\/04\/cropped-catwalk_yourself_bianca_jagger-scaled-1-96x96.jpg","caption":"coreAdmin"},"description":"Lola is one of our busiest writer. She has worked for Catwalk Yourself since 2007. Lola started working with us after she graduating from Central St Martins","sameAs":["https:\/\/twitter.com\/coreAdmin"],"url":"https:\/\/www.catwalkyourself.com\/fr\/author\/coreadmin\/"}]}},"_links":{"self":[{"href":"https:\/\/www.catwalkyourself.com\/fr\/wp-json\/wp\/v2\/pages\/706271"}],"collection":[{"href":"https:\/\/www.catwalkyourself.com\/fr\/wp-json\/wp\/v2\/pages"}],"about":[{"href":"https:\/\/www.catwalkyourself.com\/fr\/wp-json\/wp\/v2\/types\/page"}],"author":[{"embeddable":true,"href":"https:\/\/www.catwalkyourself.com\/fr\/wp-json\/wp\/v2\/users\/1"}],"replies":[{"embeddable":true,"href":"https:\/\/www.catwalkyourself.com\/fr\/wp-json\/wp\/v2\/comments?post=706271"}],"version-history":[{"count":8,"href":"https:\/\/www.catwalkyourself.com\/fr\/wp-json\/wp\/v2\/pages\/706271\/revisions"}],"predecessor-version":[{"id":706304,"href":"https:\/\/www.catwalkyourself.com\/fr\/wp-json\/wp\/v2\/pages\/706271\/revisions\/706304"}],"wp:featuredmedia":[{"embeddable":true,"href":"https:\/\/www.catwalkyourself.com\/fr\/wp-json\/wp\/v2\/media\/706295"}],"wp:attachment":[{"href":"https:\/\/www.catwalkyourself.com\/fr\/wp-json\/wp\/v2\/media?parent=706271"}],"curies":[{"name":"wp","href":"https:\/\/api.w.org\/{rel}","templated":true}]}}