{"id":15652,"date":"2012-11-01T13:39:17","date_gmt":"2012-11-01T13:39:17","guid":{"rendered":"\/new-fashion-photography-2\/"},"modified":"2012-11-19T11:24:00","modified_gmt":"2012-11-19T11:24:00","slug":"photographie","status":"publish","type":"page","link":"https:\/\/www.catwalkyourself.com\/fr\/photographie\/","title":{"rendered":"Photographie"},"content":{"rendered":"<p>Une image peut dire mille mots, mais une image de mode en dit des milliers. Decouvrez la Mode grace aux Photographe les plus c\u00e9l\u00e8bre cet Art qui contribue \u00e0 fa\u00e7onner le monde de la mode.<\/p>\n<ul class=\"image-gallery-2\">\n<li><a href=\"\/fr\/fashion-editorial\/\"><img decoding=\"async\" class=\"alignnone size-full wp-image-7002\" title=\"catwalk_yourself_rtw_main\" src=\"\/wp-content\/uploads\/2012\/11\/catwalk_yourself_photography_editorial.jpg\" alt=\"\" \/><\/a><br \/>\n<h3>Editorial<\/h3>\n<p>De d\u00e9fil\u00e9s de mode en passant par des videos conceptuel, nous explorons notre propre cr\u00e9ativit\u00e9 et celle de nos sujets &#8230; Cliquez \/ snap.<\/p>\n<p><a href=\"\/fr\/fashion-editorial\/\">En lire plus&#8230;<\/a><\/li>\n<li><a href=\"\/fashion-weeks\/menswear-fashion-season\/\"><img decoding=\"async\" class=\"alignnone size-full wp-image-7004\" title=\"catwalk_yourself_man_main\" src=\"\/wp-content\/uploads\/2012\/11\/catwalk_yourself_photography_street.jpg\" alt=\"\" \/><\/a><br \/>\n<h3>La mode de la rue<\/h3>\n<p>Sentez-vous libre d&rsquo;exprimer votre propre style, peignez une toile qui vous tient \u00e0 coeur, une oeuvre unique. En d&rsquo;autre termes, nous vous servons de plateforme.<\/p>\n<p><a href=\"\/street-fashion\/\">En lire plus&#8230;<\/a><\/li>\n<\/ul>\n<div class=\"clearfix\"><\/div>\n","protected":false},"excerpt":{"rendered":"<p>Une image peut dire mille mots, mais une image de mode en dit des milliers. Decouvrez la Mode grace aux Photographe les plus c\u00e9l\u00e8bre cet Art qui contribue \u00e0 fa\u00e7onner<br \/>&nbsp; &nbsp;<a href=\"https:\/\/www.catwalkyourself.com\/fr\/photographie\/\" class=\"more\">&#8230; read more<\/a><\/p>\n","protected":false},"author":11,"featured_media":0,"parent":0,"menu_order":0,"comment_status":"open","ping_status":"open","template":"page-photography.php","meta":{"footnotes":""},"acf":[],"yoast_head":"<!-- This site is optimized with the Yoast SEO plugin v22.1 - https:\/\/yoast.com\/wordpress\/plugins\/seo\/ -->\n<title>Photographie - Catwalk Yourself<\/title>\n<meta name=\"robots\" content=\"index, nofollow, max-snippet:-1, max-image-preview:large, max-video-preview:-1\" \/>\n<link rel=\"canonical\" href=\"https:\/\/www.catwalkyourself.com\/fr\/photographie\/\" \/>\n<meta property=\"og:locale\" content=\"fr_FR\" \/>\n<meta property=\"og:type\" content=\"article\" \/>\n<meta property=\"og:title\" content=\"Photographie - Catwalk Yourself\" \/>\n<meta property=\"og:description\" content=\"Une image peut dire mille mots, mais une image de mode en dit des milliers. Decouvrez la Mode grace aux Photographe les plus c\u00e9l\u00e8bre cet Art qui contribue \u00e0 fa\u00e7onner&nbsp; &nbsp;... read more\" \/>\n<meta property=\"og:url\" content=\"https:\/\/www.catwalkyourself.com\/fr\/photographie\/\" \/>\n<meta property=\"og:site_name\" content=\"Catwalk Yourself\" \/>\n<meta property=\"article:modified_time\" content=\"2012-11-19T11:24:00+00:00\" \/>\n<meta name=\"twitter:card\" content=\"summary_large_image\" \/>\n<script type=\"application\/ld+json\" class=\"yoast-schema-graph\">{\"@context\":\"https:\/\/schema.org\",\"@graph\":[{\"@type\":\"WebPage\",\"@id\":\"https:\/\/www.catwalkyourself.com\/fr\/photographie\/\",\"url\":\"https:\/\/www.catwalkyourself.com\/fr\/photographie\/\",\"name\":\"Photographie - Catwalk Yourself\",\"isPartOf\":{\"@id\":\"https:\/\/www.catwalkyourself.com\/#website\"},\"datePublished\":\"2012-11-01T13:39:17+00:00\",\"dateModified\":\"2012-11-19T11:24:00+00:00\",\"breadcrumb\":{\"@id\":\"https:\/\/www.catwalkyourself.com\/fr\/photographie\/#breadcrumb\"},\"inLanguage\":\"fr-FR\",\"potentialAction\":[{\"@type\":\"ReadAction\",\"target\":[\"https:\/\/www.catwalkyourself.com\/fr\/photographie\/\"]}]},{\"@type\":\"BreadcrumbList\",\"@id\":\"https:\/\/www.catwalkyourself.com\/fr\/photographie\/#breadcrumb\",\"itemListElement\":[{\"@type\":\"ListItem\",\"position\":1,\"name\":\"Home\",\"item\":\"https:\/\/www.catwalkyourself.com\/fr\/\"},{\"@type\":\"ListItem\",\"position\":2,\"name\":\"Photographie\"}]},{\"@type\":\"WebSite\",\"@id\":\"https:\/\/www.catwalkyourself.com\/#website\",\"url\":\"https:\/\/www.catwalkyourself.com\/\",\"name\":\"Catwalk Yourself\",\"description\":\"\",\"potentialAction\":[{\"@type\":\"SearchAction\",\"target\":{\"@type\":\"EntryPoint\",\"urlTemplate\":\"https:\/\/www.catwalkyourself.com\/?s={search_term_string}\"},\"query-input\":\"required name=search_term_string\"}],\"inLanguage\":\"fr-FR\"},{\"@type\":\"Person\",\"@id\":\"https:\/\/www.catwalkyourself.com\/#\/schema\/person\/827e0242c3768338828d437f94fbc9a4\",\"name\":\"Lauren Fitzsimmons\",\"image\":{\"@type\":\"ImageObject\",\"inLanguage\":\"fr-FR\",\"@id\":\"https:\/\/www.catwalkyourself.com\/#\/schema\/person\/image\/\",\"url\":\"https:\/\/www.catwalkyourself.com\/fr\/wp-content\/uploads\/2012\/10\/lauren_avatar.jpg\",\"contentUrl\":\"https:\/\/www.catwalkyourself.com\/fr\/wp-content\/uploads\/2012\/10\/lauren_avatar.jpg\",\"caption\":\"Lauren Fitzsimmons\"},\"description\":\"Lauren Fitzsimmons could be considered as an all-round fashion geek with an additional passion for travel, photography and writing. She studies International Fashion Marketing in Manchester and is currently responsible for Catwalk Yourself communications.\",\"url\":\"https:\/\/www.catwalkyourself.com\/fr\/author\/lauren\/\"}]}<\/script>\n<!-- \/ Yoast SEO plugin. -->","yoast_head_json":{"title":"Photographie - Catwalk Yourself","robots":{"index":"index","follow":"nofollow","max-snippet":"max-snippet:-1","max-image-preview":"max-image-preview:large","max-video-preview":"max-video-preview:-1"},"canonical":"https:\/\/www.catwalkyourself.com\/fr\/photographie\/","og_locale":"fr_FR","og_type":"article","og_title":"Photographie - Catwalk Yourself","og_description":"Une image peut dire mille mots, mais une image de mode en dit des milliers. Decouvrez la Mode grace aux Photographe les plus c\u00e9l\u00e8bre cet Art qui contribue \u00e0 fa\u00e7onner&nbsp; &nbsp;... read more","og_url":"https:\/\/www.catwalkyourself.com\/fr\/photographie\/","og_site_name":"Catwalk Yourself","article_modified_time":"2012-11-19T11:24:00+00:00","twitter_card":"summary_large_image","schema":{"@context":"https:\/\/schema.org","@graph":[{"@type":"WebPage","@id":"https:\/\/www.catwalkyourself.com\/fr\/photographie\/","url":"https:\/\/www.catwalkyourself.com\/fr\/photographie\/","name":"Photographie - Catwalk Yourself","isPartOf":{"@id":"https:\/\/www.catwalkyourself.com\/#website"},"datePublished":"2012-11-01T13:39:17+00:00","dateModified":"2012-11-19T11:24:00+00:00","breadcrumb":{"@id":"https:\/\/www.catwalkyourself.com\/fr\/photographie\/#breadcrumb"},"inLanguage":"fr-FR","potentialAction":[{"@type":"ReadAction","target":["https:\/\/www.catwalkyourself.com\/fr\/photographie\/"]}]},{"@type":"BreadcrumbList","@id":"https:\/\/www.catwalkyourself.com\/fr\/photographie\/#breadcrumb","itemListElement":[{"@type":"ListItem","position":1,"name":"Home","item":"https:\/\/www.catwalkyourself.com\/fr\/"},{"@type":"ListItem","position":2,"name":"Photographie"}]},{"@type":"WebSite","@id":"https:\/\/www.catwalkyourself.com\/#website","url":"https:\/\/www.catwalkyourself.com\/","name":"Catwalk Yourself","description":"","potentialAction":[{"@type":"SearchAction","target":{"@type":"EntryPoint","urlTemplate":"https:\/\/www.catwalkyourself.com\/?s={search_term_string}"},"query-input":"required name=search_term_string"}],"inLanguage":"fr-FR"},{"@type":"Person","@id":"https:\/\/www.catwalkyourself.com\/#\/schema\/person\/827e0242c3768338828d437f94fbc9a4","name":"Lauren Fitzsimmons","image":{"@type":"ImageObject","inLanguage":"fr-FR","@id":"https:\/\/www.catwalkyourself.com\/#\/schema\/person\/image\/","url":"https:\/\/www.catwalkyourself.com\/fr\/wp-content\/uploads\/2012\/10\/lauren_avatar.jpg","contentUrl":"https:\/\/www.catwalkyourself.com\/fr\/wp-content\/uploads\/2012\/10\/lauren_avatar.jpg","caption":"Lauren Fitzsimmons"},"description":"Lauren Fitzsimmons could be considered as an all-round fashion geek with an additional passion for travel, photography and writing. She studies International Fashion Marketing in Manchester and is currently responsible for Catwalk Yourself communications.","url":"https:\/\/www.catwalkyourself.com\/fr\/author\/lauren\/"}]}},"_links":{"self":[{"href":"https:\/\/www.catwalkyourself.com\/fr\/wp-json\/wp\/v2\/pages\/15652"}],"collection":[{"href":"https:\/\/www.catwalkyourself.com\/fr\/wp-json\/wp\/v2\/pages"}],"about":[{"href":"https:\/\/www.catwalkyourself.com\/fr\/wp-json\/wp\/v2\/types\/page"}],"author":[{"embeddable":true,"href":"https:\/\/www.catwalkyourself.com\/fr\/wp-json\/wp\/v2\/users\/11"}],"replies":[{"embeddable":true,"href":"https:\/\/www.catwalkyourself.com\/fr\/wp-json\/wp\/v2\/comments?post=15652"}],"version-history":[{"count":3,"href":"https:\/\/www.catwalkyourself.com\/fr\/wp-json\/wp\/v2\/pages\/15652\/revisions"}],"predecessor-version":[{"id":19295,"href":"https:\/\/www.catwalkyourself.com\/fr\/wp-json\/wp\/v2\/pages\/15652\/revisions\/19295"}],"wp:attachment":[{"href":"https:\/\/www.catwalkyourself.com\/fr\/wp-json\/wp\/v2\/media?parent=15652"}],"curies":[{"name":"wp","href":"https:\/\/api.w.org\/{rel}","templated":true}]}}