{"id":19074,"date":"2012-09-13T07:18:48","date_gmt":"2012-09-13T06:18:48","guid":{"rendered":"\/fashion-and-history-2\/"},"modified":"2024-08-21T08:06:06","modified_gmt":"2024-08-21T07:06:06","slug":"modegeschichte","status":"publish","type":"page","link":"https:\/\/www.catwalkyourself.com\/de\/modegeschichte\/","title":{"rendered":"Modegeschichte"},"content":{"rendered":"<p><img decoding=\"async\" title=\"Femmes se remaquillant dans un jardin public. Paris, vers 1930. HRL-649275\" src=\"\/wp-content\/uploads\/2012\/09\/catwalk_yourself.history.jpg\" alt=\"Fashion and History\" \/><br \/>\n<em class=\"copyright\">Copyright \u00a9 AFP \/ Harlingue \/ Collection Roger-Viollet<\/em><\/p>\n<p>Mode ist f\u00fcr mich Identit\u00e4t. Sie ist, wer du bist, deine Pers\u00f6nlichkeit, deine Kreativit\u00e4t &#8211; du als Individuum. Sie zeigt deinen Status, deinen Beruf und dein Geschlecht, wobei sie sich \u00e4ndern und verdrehen kann. Nicht jeder mag Mode m\u00f6gen oder an ihr interessiert sein, dennoch ist jeder involviert.<\/p>\n<p>Mit sich unaufh\u00f6rlich \u00e4ndernden Stilrichtungen, sind die aktuellsten Trend nur ein kleiner Schritt in der gesamten Geschichte der Mode.<\/p>\n<p>Wir tragen heute das, was wir tragen, weil anderes zuvor geschehen ist. Jedes vorhergegangenes Jahrzehnt wirkt auf das Heute ein. Modegeschichte lehrt und inspiriert jeden Designer und formt demnach die Kleidung von Morgen. Es ist von gro\u00dfer Bedeutung, den Gang der Mode zu kennen und zu verstehen,<\/p>\n<p>da es zugleich eine Auseinandersetzung mit Kultur, Kunst, Musik und Politik bedeutet. Modegeschichte umfasst alles, nicht nur die Kleider selbst: Die Leute und Begebenheiten der Vergangenheit sind so wichtig wie die Kleidungsst\u00fccke selbst.<\/p>\n<p><strong>Besuche unsere Modegeschichte in einzelnen Jahrzehnten:<\/strong><\/p>\n<ul class=\"word-list stretch\">\n<li><a href=\"https:\/\/www.catwalkyourself.com\/de\/fashion-history\/1920er-1930er\/\">1920er<\/a><\/li>\n<li><a href=\"https:\/\/www.catwalkyourself.com\/de\/fashion-history\/1930er-1940er\/\">1930er<\/a><\/li>\n<li><a href=\"https:\/\/www.catwalkyourself.com\/de\/fashion-history\/1940er-1950er\/\">1940er<\/a><\/li>\n<li><a href=\"https:\/\/www.catwalkyourself.com\/de\/fashion-history\/1950er-1960er\/\">1950er <\/a><\/li>\n<li><a href=\"https:\/\/www.catwalkyourself.com\/de\/fashion-history\/1960er-1970er\/\">1960er <\/a><\/li>\n<li><a href=\"https:\/\/www.catwalkyourself.com\/de\/fashion-history\/1970er-1980er\/\">1970er <\/a><\/li>\n<li><a href=\"https:\/\/www.catwalkyourself.com\/de\/fashion-history\/1980er-1990er\/\">1980er <\/a><\/li>\n<li><a href=\"https:\/\/www.catwalkyourself.com\/de\/fashion-history\/1990er-2000er\/\">1990er <\/a><\/li>\n<li><a href=\"https:\/\/www.catwalkyourself.com\/de\/fashion-history\/2000er-2010er\/\">2000er<\/a><\/li>\n<\/ul>\n","protected":false},"excerpt":{"rendered":"<p>Copyright \u00a9 AFP \/ Harlingue \/ Collection Roger-Viollet Mode ist f\u00fcr mich Identit\u00e4t. Sie ist, wer du bist, deine Pers\u00f6nlichkeit, deine Kreativit\u00e4t &#8211; du als Individuum. Sie zeigt deinen Status,<br \/>&nbsp; &nbsp;<a href=\"https:\/\/www.catwalkyourself.com\/de\/modegeschichte\/\" class=\"more\">&#8230; read more<\/a><\/p>\n","protected":false},"author":1,"featured_media":607839,"parent":0,"menu_order":0,"comment_status":"open","ping_status":"open","template":"page-fashion-biographies.php","meta":{"footnotes":""},"acf":[],"yoast_head":"<!-- This site is optimized with the Yoast SEO plugin v22.1 - https:\/\/yoast.com\/wordpress\/plugins\/seo\/ -->\n<title>Catwalk Yourself: Luxus-Trends der Modegeschichte erleben<\/title>\n<meta name=\"description\" content=\"Erleben Sie die fesselnde Geschichte der Mode bei Catwalk Yourself. Von Premium-Designs bis zu Top-Trends - genie\u00dfen Sie Luxus in der Modegeschichte!\" \/>\n<meta name=\"robots\" content=\"index, follow, max-snippet:-1, max-image-preview:large, max-video-preview:-1\" \/>\n<link rel=\"canonical\" href=\"https:\/\/www.catwalkyourself.com\/de\/modegeschichte\/\" \/>\n<meta property=\"og:locale\" content=\"de_DE\" \/>\n<meta property=\"og:type\" content=\"article\" \/>\n<meta property=\"og:title\" content=\"Catwalk Yourself: Luxus-Trends der Modegeschichte erleben\" \/>\n<meta property=\"og:description\" content=\"Erleben Sie die fesselnde Geschichte der Mode bei Catwalk Yourself. Von Premium-Designs bis zu Top-Trends - genie\u00dfen Sie Luxus in der Modegeschichte!\" \/>\n<meta property=\"og:url\" content=\"https:\/\/www.catwalkyourself.com\/de\/modegeschichte\/\" \/>\n<meta property=\"og:site_name\" content=\"Catwalk Yourself\" \/>\n<meta property=\"article:modified_time\" content=\"2024-08-21T07:06:06+00:00\" \/>\n<meta property=\"og:image\" content=\"https:\/\/www.catwalkyourself.com\/wp-content\/uploads\/2012\/09\/catwalk_yourself.history.jpg\" \/>\n\t<meta property=\"og:image:width\" content=\"640\" \/>\n\t<meta property=\"og:image:height\" content=\"433\" \/>\n\t<meta property=\"og:image:type\" content=\"image\/jpeg\" \/>\n<meta name=\"twitter:card\" content=\"summary_large_image\" \/>\n<meta name=\"twitter:label1\" content=\"Gesch\u00e4tzte Lesezeit\" \/>\n\t<meta name=\"twitter:data1\" content=\"2 Minuten\" \/>\n<script type=\"application\/ld+json\" class=\"yoast-schema-graph\">{\"@context\":\"https:\/\/schema.org\",\"@graph\":[{\"@type\":\"WebPage\",\"@id\":\"https:\/\/www.catwalkyourself.com\/de\/modegeschichte\/\",\"url\":\"https:\/\/www.catwalkyourself.com\/de\/modegeschichte\/\",\"name\":\"Catwalk Yourself: Luxus-Trends der Modegeschichte erleben\",\"isPartOf\":{\"@id\":\"https:\/\/www.catwalkyourself.com\/#website\"},\"datePublished\":\"2012-09-13T06:18:48+00:00\",\"dateModified\":\"2024-08-21T07:06:06+00:00\",\"description\":\"Erleben Sie die fesselnde Geschichte der Mode bei Catwalk Yourself. Von Premium-Designs bis zu Top-Trends - genie\u00dfen Sie Luxus in der Modegeschichte!\",\"breadcrumb\":{\"@id\":\"https:\/\/www.catwalkyourself.com\/de\/modegeschichte\/#breadcrumb\"},\"inLanguage\":\"de-DE\",\"potentialAction\":[{\"@type\":\"ReadAction\",\"target\":[\"https:\/\/www.catwalkyourself.com\/de\/modegeschichte\/\"]}]},{\"@type\":\"BreadcrumbList\",\"@id\":\"https:\/\/www.catwalkyourself.com\/de\/modegeschichte\/#breadcrumb\",\"itemListElement\":[{\"@type\":\"ListItem\",\"position\":1,\"name\":\"Home\",\"item\":\"https:\/\/www.catwalkyourself.com\/de\/\"},{\"@type\":\"ListItem\",\"position\":2,\"name\":\"Modegeschichte\"}]},{\"@type\":\"WebSite\",\"@id\":\"https:\/\/www.catwalkyourself.com\/#website\",\"url\":\"https:\/\/www.catwalkyourself.com\/\",\"name\":\"Catwalk Yourself\",\"description\":\"\",\"potentialAction\":[{\"@type\":\"SearchAction\",\"target\":{\"@type\":\"EntryPoint\",\"urlTemplate\":\"https:\/\/www.catwalkyourself.com\/?s={search_term_string}\"},\"query-input\":\"required name=search_term_string\"}],\"inLanguage\":\"de-DE\"},{\"@type\":\"Person\",\"@id\":\"https:\/\/www.catwalkyourself.com\/#\/schema\/person\/9746a62678a6cced6aef04c202caf98f\",\"name\":\"coreAdmin\",\"image\":{\"@type\":\"ImageObject\",\"inLanguage\":\"de-DE\",\"@id\":\"https:\/\/www.catwalkyourself.com\/#\/schema\/person\/image\/\",\"url\":\"https:\/\/www.catwalkyourself.com\/wp-content\/uploads\/2024\/04\/cropped-catwalk_yourself_bianca_jagger-scaled-1-96x96.jpg\",\"contentUrl\":\"https:\/\/www.catwalkyourself.com\/wp-content\/uploads\/2024\/04\/cropped-catwalk_yourself_bianca_jagger-scaled-1-96x96.jpg\",\"caption\":\"coreAdmin\"},\"description\":\"Lola is one of our busiest writer. She has worked for Catwalk Yourself since 2007. Lola started working with us after she graduating from Central St Martins\",\"sameAs\":[\"https:\/\/twitter.com\/coreAdmin\"],\"url\":\"https:\/\/www.catwalkyourself.com\/de\/author\/coreadmin\/\"}]}<\/script>\n<!-- \/ Yoast SEO plugin. -->","yoast_head_json":{"title":"Catwalk Yourself: Luxus-Trends der Modegeschichte erleben","description":"Erleben Sie die fesselnde Geschichte der Mode bei Catwalk Yourself. Von Premium-Designs bis zu Top-Trends - genie\u00dfen Sie Luxus in der Modegeschichte!","robots":{"index":"index","follow":"follow","max-snippet":"max-snippet:-1","max-image-preview":"max-image-preview:large","max-video-preview":"max-video-preview:-1"},"canonical":"https:\/\/www.catwalkyourself.com\/de\/modegeschichte\/","og_locale":"de_DE","og_type":"article","og_title":"Catwalk Yourself: Luxus-Trends der Modegeschichte erleben","og_description":"Erleben Sie die fesselnde Geschichte der Mode bei Catwalk Yourself. Von Premium-Designs bis zu Top-Trends - genie\u00dfen Sie Luxus in der Modegeschichte!","og_url":"https:\/\/www.catwalkyourself.com\/de\/modegeschichte\/","og_site_name":"Catwalk Yourself","article_modified_time":"2024-08-21T07:06:06+00:00","og_image":[{"width":"640","height":"433","url":"https:\/\/www.catwalkyourself.com\/wp-content\/uploads\/2012\/09\/catwalk_yourself.history.jpg","type":"image\/jpeg"}],"twitter_card":"summary_large_image","twitter_misc":{"Gesch\u00e4tzte Lesezeit":"2 Minuten"},"schema":{"@context":"https:\/\/schema.org","@graph":[{"@type":"WebPage","@id":"https:\/\/www.catwalkyourself.com\/de\/modegeschichte\/","url":"https:\/\/www.catwalkyourself.com\/de\/modegeschichte\/","name":"Catwalk Yourself: Luxus-Trends der Modegeschichte erleben","isPartOf":{"@id":"https:\/\/www.catwalkyourself.com\/#website"},"datePublished":"2012-09-13T06:18:48+00:00","dateModified":"2024-08-21T07:06:06+00:00","description":"Erleben Sie die fesselnde Geschichte der Mode bei Catwalk Yourself. Von Premium-Designs bis zu Top-Trends - genie\u00dfen Sie Luxus in der Modegeschichte!","breadcrumb":{"@id":"https:\/\/www.catwalkyourself.com\/de\/modegeschichte\/#breadcrumb"},"inLanguage":"de-DE","potentialAction":[{"@type":"ReadAction","target":["https:\/\/www.catwalkyourself.com\/de\/modegeschichte\/"]}]},{"@type":"BreadcrumbList","@id":"https:\/\/www.catwalkyourself.com\/de\/modegeschichte\/#breadcrumb","itemListElement":[{"@type":"ListItem","position":1,"name":"Home","item":"https:\/\/www.catwalkyourself.com\/de\/"},{"@type":"ListItem","position":2,"name":"Modegeschichte"}]},{"@type":"WebSite","@id":"https:\/\/www.catwalkyourself.com\/#website","url":"https:\/\/www.catwalkyourself.com\/","name":"Catwalk Yourself","description":"","potentialAction":[{"@type":"SearchAction","target":{"@type":"EntryPoint","urlTemplate":"https:\/\/www.catwalkyourself.com\/?s={search_term_string}"},"query-input":"required name=search_term_string"}],"inLanguage":"de-DE"},{"@type":"Person","@id":"https:\/\/www.catwalkyourself.com\/#\/schema\/person\/9746a62678a6cced6aef04c202caf98f","name":"coreAdmin","image":{"@type":"ImageObject","inLanguage":"de-DE","@id":"https:\/\/www.catwalkyourself.com\/#\/schema\/person\/image\/","url":"https:\/\/www.catwalkyourself.com\/wp-content\/uploads\/2024\/04\/cropped-catwalk_yourself_bianca_jagger-scaled-1-96x96.jpg","contentUrl":"https:\/\/www.catwalkyourself.com\/wp-content\/uploads\/2024\/04\/cropped-catwalk_yourself_bianca_jagger-scaled-1-96x96.jpg","caption":"coreAdmin"},"description":"Lola is one of our busiest writer. She has worked for Catwalk Yourself since 2007. Lola started working with us after she graduating from Central St Martins","sameAs":["https:\/\/twitter.com\/coreAdmin"],"url":"https:\/\/www.catwalkyourself.com\/de\/author\/coreadmin\/"}]}},"_links":{"self":[{"href":"https:\/\/www.catwalkyourself.com\/de\/wp-json\/wp\/v2\/pages\/19074"}],"collection":[{"href":"https:\/\/www.catwalkyourself.com\/de\/wp-json\/wp\/v2\/pages"}],"about":[{"href":"https:\/\/www.catwalkyourself.com\/de\/wp-json\/wp\/v2\/types\/page"}],"author":[{"embeddable":true,"href":"https:\/\/www.catwalkyourself.com\/de\/wp-json\/wp\/v2\/users\/1"}],"replies":[{"embeddable":true,"href":"https:\/\/www.catwalkyourself.com\/de\/wp-json\/wp\/v2\/comments?post=19074"}],"version-history":[{"count":2,"href":"https:\/\/www.catwalkyourself.com\/de\/wp-json\/wp\/v2\/pages\/19074\/revisions"}],"predecessor-version":[{"id":708208,"href":"https:\/\/www.catwalkyourself.com\/de\/wp-json\/wp\/v2\/pages\/19074\/revisions\/708208"}],"wp:featuredmedia":[{"embeddable":true,"href":"https:\/\/www.catwalkyourself.com\/de\/wp-json\/wp\/v2\/media\/607839"}],"wp:attachment":[{"href":"https:\/\/www.catwalkyourself.com\/de\/wp-json\/wp\/v2\/media?parent=19074"}],"curies":[{"name":"wp","href":"https:\/\/api.w.org\/{rel}","templated":true}]}}