{"id":11115,"date":"2012-10-05T11:59:14","date_gmt":"2012-10-05T10:59:14","guid":{"rendered":"\/fashion-weeks-2\/"},"modified":"2024-08-21T08:07:44","modified_gmt":"2024-08-21T07:07:44","slug":"fashion-weeks","status":"publish","type":"page","link":"https:\/\/www.catwalkyourself.com\/de\/fashion-weeks\/","title":{"rendered":"Fashion Weeks"},"content":{"rendered":"<ul class=\"image-content-gallery\">\n<li><img decoding=\"async\" class=\"alignnone size-full wp-image-7002\" title=\"catwalk_yourself_rtw_main\" src=\"\/wp-content\/uploads\/2012\/10\/catwalk_yourself_weeks_rtw.jpg\" alt=\"\" \/><br \/>\n<h3>Ready-To-Wear<\/h3>\n<p style=\"text-align: left;\">Von New York nach Paris bis zu dir. Sei Zeuge der unendlichen Kreativit\u00e4t der Mode und finde heraus, welche Erscheinung dir gef\u00e4llt und dich ausmacht.<\/p>\n<div class=\"clearfix\"><\/div>\n<div class=\"spacer20\"><\/div>\n<ul>\n<li><a href=\"\/de\/ready-to-wear-spring-summer-2013\/\">Fr\u00fchling\/Sommer 2013<\/a><\/li>\n<li><a href=\"\/de\/ready-to-wear-autumn-winter-2012-2013\/\">Herbst Winter 2012\/2013<\/a><\/li>\n<li><a href=\"\/de\/ready-to-wear-spring-summer-2012\/\">Fr\u00fchling\/Sommer 2012<\/a><\/li>\n<li><a href=\"\/de\/ready-to-wear-autumn-winter-2011-2012\/\">Herbst Winter 2011\/2012<\/a><\/li>\n<li><a href=\"\/de\/ready-to-wear-spring-summer-2011\/\">Fr\u00fchling\/Sommer 2011<\/a><\/li>\n<li><a href=\"\/de\/ready-to-wear-autumn-winter-2010-2011\/\">Herbst Winter 2010\/2011<\/a><\/li>\n<\/ul>\n<\/li>\n<li><img decoding=\"async\" class=\"alignnone size-full wp-image-7004\" title=\"catwalk_yourself_man_main\" src=\"\/wp-content\/uploads\/2012\/10\/catwalk_yourself_weeks_man.jpg\" alt=\"\" \/><br \/>\n<h3>Menswear Fashion<\/h3>\n<p style=\"text-align: left;\">Ob adrett, l\u00e4ssig oder bizarr: Die Menswear kennt viele Seiten. Such dir eine raus, die dir gef\u00e4llt.<\/p>\n<div class=\"clearfix\"><\/div>\n<div class=\"spacer40\"><\/div>\n<ul>\n<li><a href=\"\/de\/menswear-fashion-fruhling-sommer-2013\/\">Fr\u00fchling\/Sommer 2013<\/a><\/li>\n<li><a href=\"\/de\/menswear-fashion-herbst-winter-2012-2013\/\">Herbst Winter 2012\/2013<\/a><\/li>\n<li><a href=\"\/de\/menswear-fashion-fruhling-sommer-2012\/\">Fr\u00fchling\/Sommer 2012<\/a><\/li>\n<li><a href=\"\/de\/menswear-fashion-herbst-winter-2011-2012\/\">Herbst Winter 2011\/2012<\/a><\/li>\n<li><a href=\"\/de\/menswear-fashion-fruhling-sommer-2011\/\">Fr\u00fchling\/Sommer 2011<\/a><\/li>\n<li><a href=\"\/de\/menswear-fashion-herbst-winter-2010-2011\/\">Herbst Winter 2010\/2011<\/a><\/li>\n<\/ul>\n<\/li>\n<li><img decoding=\"async\" loading=\"lazy\" width=\"240\" height=\"160\" class=\"alignnone size-full wp-image-7003\" title=\"catwalk_yourself_hc_main\" src=\"\/wp-content\/uploads\/2012\/10\/catwalk_yourself_hc_main.jpg\" alt=\"\" srcset=\"https:\/\/www.catwalkyourself.com\/wp-content\/uploads\/2012\/10\/catwalk_yourself_hc_main.jpg 240w, https:\/\/www.catwalkyourself.com\/wp-content\/uploads\/2012\/10\/catwalk_yourself_hc_main-160x106.jpg 160w\" sizes=\"(max-width: 240px) 100vw, 240px\" \/><br \/>\n<h3>Haute Couture<\/h3>\n<p style=\"text-align: left;\">Haute Couture ist eine Kunstform f\u00fcr sich. Sie l\u00e4sst Tr\u00e4ume wahr werden und f\u00fchrt in eine andere Welt. Magst du eintauchen?<\/p>\n<div class=\"clearfix\"><\/div>\n<div class=\"spacer20\"><\/div>\n<ul>\n<li><a href=\"\/de\/haute-couture-herbst-winter-2012-2013\/\">Herbst Winter 2012\/2013<\/a><\/li>\n<li><a href=\"\/de\/haute-couture-fruhling-sommer-2012\/\">Fr\u00fchling\/Sommer 2012<\/a><\/li>\n<li><a href=\"\/de\/haute-couture-herbst-winter-2011-2012\/\">Herbst Winter 2011\/2012<\/a><\/li>\n<li><a href=\"\/de\/haute-couture-fruhling-sommer-2011\/\">Fr\u00fchling\/Sommer 2011<\/a><\/li>\n<li><a href=\"\/de\/haute-couture-herbst-winter-2010-2011\/\">Herbst Winter 2010\/2011<\/a><\/li>\n<li><a href=\"\/de\/haute-couture-fruhling-sommer-2010\/\">Fr\u00fchling\/Sommer 2010<\/a><\/li>\n<\/ul>\n<\/li>\n<\/ul>\n<div class=\"clearfix\"><\/div>\n","protected":false},"excerpt":{"rendered":"<p>Ready-To-Wear Von New York nach Paris bis zu dir. Sei Zeuge der unendlichen Kreativit\u00e4t der Mode und finde heraus, welche Erscheinung dir gef\u00e4llt und dich ausmacht. Fr\u00fchling\/Sommer 2013 Herbst Winter<br \/>&nbsp; &nbsp;<a href=\"https:\/\/www.catwalkyourself.com\/de\/fashion-weeks\/\" class=\"more\">&#8230; read more<\/a><\/p>\n","protected":false},"author":1,"featured_media":72430,"parent":0,"menu_order":0,"comment_status":"open","ping_status":"open","template":"page-fashion-seasons.php","meta":{"footnotes":""},"acf":[],"yoast_head":"<!-- This site is optimized with the Yoast SEO plugin v22.1 - https:\/\/yoast.com\/wordpress\/plugins\/seo\/ -->\n<title>Catwalk Yourself: Luxus-Updates von der Modewoche<\/title>\n<meta name=\"description\" content=\"Catwalk Yourself bringt Ihnen die besten Modewoche-News in Premium-Qualit\u00e4t. Luxus-Trends und exklusive Updates direkt aus der Modewelt\" \/>\n<meta name=\"robots\" content=\"index, follow, max-snippet:-1, max-image-preview:large, max-video-preview:-1\" \/>\n<link rel=\"canonical\" href=\"https:\/\/www.catwalkyourself.com\/de\/fashion-weeks\/\" \/>\n<meta property=\"og:locale\" content=\"de_DE\" \/>\n<meta property=\"og:type\" content=\"article\" \/>\n<meta property=\"og:title\" content=\"Catwalk Yourself: Luxus-Updates von der Modewoche\" \/>\n<meta property=\"og:description\" content=\"Catwalk Yourself bringt Ihnen die besten Modewoche-News in Premium-Qualit\u00e4t. Luxus-Trends und exklusive Updates direkt aus der Modewelt\" \/>\n<meta property=\"og:url\" content=\"https:\/\/www.catwalkyourself.com\/de\/fashion-weeks\/\" \/>\n<meta property=\"og:site_name\" content=\"Catwalk Yourself\" \/>\n<meta property=\"article:modified_time\" content=\"2024-08-21T07:07:44+00:00\" \/>\n<meta property=\"og:image\" content=\"https:\/\/www.catwalkyourself.com\/wp-content\/uploads\/2012\/10\/catwalk_yourself_man_main.jpg\" \/>\n\t<meta property=\"og:image:width\" content=\"240\" \/>\n\t<meta property=\"og:image:height\" content=\"160\" \/>\n\t<meta property=\"og:image:type\" content=\"image\/jpeg\" \/>\n<meta name=\"twitter:card\" content=\"summary_large_image\" \/>\n<meta name=\"twitter:label1\" content=\"Gesch\u00e4tzte Lesezeit\" \/>\n\t<meta name=\"twitter:data1\" content=\"2 Minuten\" \/>\n<script type=\"application\/ld+json\" class=\"yoast-schema-graph\">{\"@context\":\"https:\/\/schema.org\",\"@graph\":[{\"@type\":\"WebPage\",\"@id\":\"https:\/\/www.catwalkyourself.com\/de\/fashion-weeks\/\",\"url\":\"https:\/\/www.catwalkyourself.com\/de\/fashion-weeks\/\",\"name\":\"Catwalk Yourself: Luxus-Updates von der Modewoche\",\"isPartOf\":{\"@id\":\"https:\/\/www.catwalkyourself.com\/#website\"},\"datePublished\":\"2012-10-05T10:59:14+00:00\",\"dateModified\":\"2024-08-21T07:07:44+00:00\",\"description\":\"Catwalk Yourself bringt Ihnen die besten Modewoche-News in Premium-Qualit\u00e4t. Luxus-Trends und exklusive Updates direkt aus der Modewelt\",\"breadcrumb\":{\"@id\":\"https:\/\/www.catwalkyourself.com\/de\/fashion-weeks\/#breadcrumb\"},\"inLanguage\":\"de-DE\",\"potentialAction\":[{\"@type\":\"ReadAction\",\"target\":[\"https:\/\/www.catwalkyourself.com\/de\/fashion-weeks\/\"]}]},{\"@type\":\"BreadcrumbList\",\"@id\":\"https:\/\/www.catwalkyourself.com\/de\/fashion-weeks\/#breadcrumb\",\"itemListElement\":[{\"@type\":\"ListItem\",\"position\":1,\"name\":\"Home\",\"item\":\"https:\/\/www.catwalkyourself.com\/de\/\"},{\"@type\":\"ListItem\",\"position\":2,\"name\":\"Fashion Weeks\"}]},{\"@type\":\"WebSite\",\"@id\":\"https:\/\/www.catwalkyourself.com\/#website\",\"url\":\"https:\/\/www.catwalkyourself.com\/\",\"name\":\"Catwalk Yourself\",\"description\":\"\",\"potentialAction\":[{\"@type\":\"SearchAction\",\"target\":{\"@type\":\"EntryPoint\",\"urlTemplate\":\"https:\/\/www.catwalkyourself.com\/?s={search_term_string}\"},\"query-input\":\"required name=search_term_string\"}],\"inLanguage\":\"de-DE\"},{\"@type\":\"Person\",\"@id\":\"https:\/\/www.catwalkyourself.com\/#\/schema\/person\/9746a62678a6cced6aef04c202caf98f\",\"name\":\"coreAdmin\",\"image\":{\"@type\":\"ImageObject\",\"inLanguage\":\"de-DE\",\"@id\":\"https:\/\/www.catwalkyourself.com\/#\/schema\/person\/image\/\",\"url\":\"https:\/\/www.catwalkyourself.com\/wp-content\/uploads\/2024\/04\/cropped-catwalk_yourself_bianca_jagger-scaled-1-96x96.jpg\",\"contentUrl\":\"https:\/\/www.catwalkyourself.com\/wp-content\/uploads\/2024\/04\/cropped-catwalk_yourself_bianca_jagger-scaled-1-96x96.jpg\",\"caption\":\"coreAdmin\"},\"description\":\"Lola is one of our busiest writer. She has worked for Catwalk Yourself since 2007. Lola started working with us after she graduating from Central St Martins\",\"sameAs\":[\"https:\/\/twitter.com\/coreAdmin\"],\"url\":\"https:\/\/www.catwalkyourself.com\/de\/author\/coreadmin\/\"}]}<\/script>\n<!-- \/ Yoast SEO plugin. -->","yoast_head_json":{"title":"Catwalk Yourself: Luxus-Updates von der Modewoche","description":"Catwalk Yourself bringt Ihnen die besten Modewoche-News in Premium-Qualit\u00e4t. Luxus-Trends und exklusive Updates direkt aus der Modewelt","robots":{"index":"index","follow":"follow","max-snippet":"max-snippet:-1","max-image-preview":"max-image-preview:large","max-video-preview":"max-video-preview:-1"},"canonical":"https:\/\/www.catwalkyourself.com\/de\/fashion-weeks\/","og_locale":"de_DE","og_type":"article","og_title":"Catwalk Yourself: Luxus-Updates von der Modewoche","og_description":"Catwalk Yourself bringt Ihnen die besten Modewoche-News in Premium-Qualit\u00e4t. Luxus-Trends und exklusive Updates direkt aus der Modewelt","og_url":"https:\/\/www.catwalkyourself.com\/de\/fashion-weeks\/","og_site_name":"Catwalk Yourself","article_modified_time":"2024-08-21T07:07:44+00:00","og_image":[{"width":"240","height":"160","url":"https:\/\/www.catwalkyourself.com\/wp-content\/uploads\/2012\/10\/catwalk_yourself_man_main.jpg","type":"image\/jpeg"}],"twitter_card":"summary_large_image","twitter_misc":{"Gesch\u00e4tzte Lesezeit":"2 Minuten"},"schema":{"@context":"https:\/\/schema.org","@graph":[{"@type":"WebPage","@id":"https:\/\/www.catwalkyourself.com\/de\/fashion-weeks\/","url":"https:\/\/www.catwalkyourself.com\/de\/fashion-weeks\/","name":"Catwalk Yourself: Luxus-Updates von der Modewoche","isPartOf":{"@id":"https:\/\/www.catwalkyourself.com\/#website"},"datePublished":"2012-10-05T10:59:14+00:00","dateModified":"2024-08-21T07:07:44+00:00","description":"Catwalk Yourself bringt Ihnen die besten Modewoche-News in Premium-Qualit\u00e4t. Luxus-Trends und exklusive Updates direkt aus der Modewelt","breadcrumb":{"@id":"https:\/\/www.catwalkyourself.com\/de\/fashion-weeks\/#breadcrumb"},"inLanguage":"de-DE","potentialAction":[{"@type":"ReadAction","target":["https:\/\/www.catwalkyourself.com\/de\/fashion-weeks\/"]}]},{"@type":"BreadcrumbList","@id":"https:\/\/www.catwalkyourself.com\/de\/fashion-weeks\/#breadcrumb","itemListElement":[{"@type":"ListItem","position":1,"name":"Home","item":"https:\/\/www.catwalkyourself.com\/de\/"},{"@type":"ListItem","position":2,"name":"Fashion Weeks"}]},{"@type":"WebSite","@id":"https:\/\/www.catwalkyourself.com\/#website","url":"https:\/\/www.catwalkyourself.com\/","name":"Catwalk Yourself","description":"","potentialAction":[{"@type":"SearchAction","target":{"@type":"EntryPoint","urlTemplate":"https:\/\/www.catwalkyourself.com\/?s={search_term_string}"},"query-input":"required name=search_term_string"}],"inLanguage":"de-DE"},{"@type":"Person","@id":"https:\/\/www.catwalkyourself.com\/#\/schema\/person\/9746a62678a6cced6aef04c202caf98f","name":"coreAdmin","image":{"@type":"ImageObject","inLanguage":"de-DE","@id":"https:\/\/www.catwalkyourself.com\/#\/schema\/person\/image\/","url":"https:\/\/www.catwalkyourself.com\/wp-content\/uploads\/2024\/04\/cropped-catwalk_yourself_bianca_jagger-scaled-1-96x96.jpg","contentUrl":"https:\/\/www.catwalkyourself.com\/wp-content\/uploads\/2024\/04\/cropped-catwalk_yourself_bianca_jagger-scaled-1-96x96.jpg","caption":"coreAdmin"},"description":"Lola is one of our busiest writer. She has worked for Catwalk Yourself since 2007. Lola started working with us after she graduating from Central St Martins","sameAs":["https:\/\/twitter.com\/coreAdmin"],"url":"https:\/\/www.catwalkyourself.com\/de\/author\/coreadmin\/"}]}},"_links":{"self":[{"href":"https:\/\/www.catwalkyourself.com\/de\/wp-json\/wp\/v2\/pages\/11115"}],"collection":[{"href":"https:\/\/www.catwalkyourself.com\/de\/wp-json\/wp\/v2\/pages"}],"about":[{"href":"https:\/\/www.catwalkyourself.com\/de\/wp-json\/wp\/v2\/types\/page"}],"author":[{"embeddable":true,"href":"https:\/\/www.catwalkyourself.com\/de\/wp-json\/wp\/v2\/users\/1"}],"replies":[{"embeddable":true,"href":"https:\/\/www.catwalkyourself.com\/de\/wp-json\/wp\/v2\/comments?post=11115"}],"version-history":[{"count":10,"href":"https:\/\/www.catwalkyourself.com\/de\/wp-json\/wp\/v2\/pages\/11115\/revisions"}],"predecessor-version":[{"id":708209,"href":"https:\/\/www.catwalkyourself.com\/de\/wp-json\/wp\/v2\/pages\/11115\/revisions\/708209"}],"wp:featuredmedia":[{"embeddable":true,"href":"https:\/\/www.catwalkyourself.com\/de\/wp-json\/wp\/v2\/media\/72430"}],"wp:attachment":[{"href":"https:\/\/www.catwalkyourself.com\/de\/wp-json\/wp\/v2\/media?parent=11115"}],"curies":[{"name":"wp","href":"https:\/\/api.w.org\/{rel}","templated":true}]}}